{"id":1654,"date":"2020-01-21T14:46:08","date_gmt":"2020-01-21T14:46:08","guid":{"rendered":"http:\/\/localhost\/nortzuk-gara\/"},"modified":"2022-02-10T15:06:06","modified_gmt":"2022-02-10T14:06:06","slug":"nortzuk-gara","status":"publish","type":"page","link":"https:\/\/aritu.com\/eu\/nortzuk-gara\/","title":{"rendered":"Nortzuk Gara"},"content":{"rendered":"\t\t<div data-elementor-type=\"wp-post\" data-elementor-id=\"1654\" class=\"elementor elementor-1654 elementor-613\">\n\t\t\t\t\t\t<section class=\"elementor-section elementor-top-section elementor-element elementor-element-36d58428 elementor-section-content-middle elementor-section-boxed elementor-section-height-default elementor-section-height-default\" data-id=\"36d58428\" data-element_type=\"section\" data-e-type=\"section\" data-settings=\"{&quot;background_background&quot;:&quot;classic&quot;}\">\n\t\t\t\t\t\t<div class=\"elementor-container elementor-column-gap-default\">\n\t\t\t\t\t<div class=\"elementor-column elementor-col-50 elementor-top-column elementor-element elementor-element-13913e5d\" data-id=\"13913e5d\" data-element_type=\"column\" data-e-type=\"column\">\n\t\t\t<div class=\"elementor-widget-wrap elementor-element-populated\">\n\t\t\t\t\t\t<div class=\"elementor-element elementor-element-4a56f5f9 elementor-widget elementor-widget-image\" data-id=\"4a56f5f9\" data-element_type=\"widget\" data-e-type=\"widget\" data-widget_type=\"image.default\">\n\t\t\t\t<div class=\"elementor-widget-container\">\n\t\t\t\t\t\t\t\t\t\t\t\t\t\t\t<img fetchpriority=\"high\" decoding=\"async\" width=\"1024\" height=\"683\" src=\"https:\/\/aritu.com\/wp-content\/uploads\/2020\/01\/3D6A6074.jpg\" class=\"attachment-full size-full wp-image-1582\" alt=\"\" srcset=\"https:\/\/aritu.com\/wp-content\/uploads\/2020\/01\/3D6A6074.jpg 1024w, https:\/\/aritu.com\/wp-content\/uploads\/2020\/01\/3D6A6074-300x200.jpg 300w, https:\/\/aritu.com\/wp-content\/uploads\/2020\/01\/3D6A6074-768x512.jpg 768w\" sizes=\"(max-width: 1024px) 100vw, 1024px\" \/>\t\t\t\t\t\t\t\t\t\t\t\t\t\t\t<\/div>\n\t\t\t\t<\/div>\n\t\t\t\t\t<\/div>\n\t\t<\/div>\n\t\t\t\t<div class=\"elementor-column elementor-col-50 elementor-top-column elementor-element elementor-element-742f8c24\" data-id=\"742f8c24\" data-element_type=\"column\" data-e-type=\"column\">\n\t\t\t<div class=\"elementor-widget-wrap elementor-element-populated\">\n\t\t\t\t\t\t<div class=\"elementor-element elementor-element-b69babb elementor-widget elementor-widget-heading\" data-id=\"b69babb\" data-element_type=\"widget\" data-e-type=\"widget\" data-widget_type=\"heading.default\">\n\t\t\t\t<div class=\"elementor-widget-container\">\n\t\t\t\t\t<h4 class=\"elementor-heading-title elementor-size-default\">Zure proiektuak errealitate bihurtzen ditugu<\/h4>\t\t\t\t<\/div>\n\t\t\t\t<\/div>\n\t\t\t\t<div class=\"elementor-element elementor-element-2769737 elementor-widget elementor-widget-heading\" data-id=\"2769737\" data-element_type=\"widget\" data-e-type=\"widget\" data-widget_type=\"heading.default\">\n\t\t\t\t<div class=\"elementor-widget-container\">\n\t\t\t\t\t<h2 class=\"elementor-heading-title elementor-size-default\">Zurekin lan egiten dugu<\/h2>\t\t\t\t<\/div>\n\t\t\t\t<\/div>\n\t\t\t\t<div class=\"elementor-element elementor-element-5e752d98 elementor-widget elementor-widget-text-editor\" data-id=\"5e752d98\" data-element_type=\"widget\" data-e-type=\"widget\" data-widget_type=\"text-editor.default\">\n\t\t\t\t<div class=\"elementor-widget-container\">\n\t\t\t\t\t\t\t\t\t<p class=\"vc_custom_heading vc_custom_1558451254031\">Mekanikako eta informatikako ingeniaritzako profesional talde bat gara, gure bezeroekiko gertutasun handiko ibilbidearekin.<\/p>\n<p class=\"vc_custom_heading vc_custom_1558451314044\">Lantalde egonkor eta konprometitu batek osatutako kooperatiba bat gara: gure zutabeak taldelana, inplikazioa eta erabakiak hartzeko parte hartzea dira. Gure baloreak gaur egungo kooperatibismo batenak dira, aldi berean kudeaketa sistema partehartzailea mantenduz.<\/p>\n<p class=\"vc_custom_heading vc_custom_1553616440082\">ISO 9001 ziurtagiria.<\/p>\n\t\t\t\t\t\t\t\t<\/div>\n\t\t\t\t<\/div>\n\t\t\t\t\t<\/div>\n\t\t<\/div>\n\t\t\t\t\t<\/div>\n\t\t<\/section>\n\t\t\t\t<section class=\"elementor-section elementor-top-section elementor-element elementor-element-19ee4077 elementor-section-stretched elementor-section-boxed elementor-section-height-default elementor-section-height-default\" data-id=\"19ee4077\" data-element_type=\"section\" data-e-type=\"section\" data-settings=\"{&quot;background_background&quot;:&quot;classic&quot;,&quot;stretch_section&quot;:&quot;section-stretched&quot;}\">\n\t\t\t\t\t\t<div class=\"elementor-container elementor-column-gap-default\">\n\t\t\t\t\t<div class=\"elementor-column elementor-col-50 elementor-top-column elementor-element elementor-element-26cffae5\" data-id=\"26cffae5\" data-element_type=\"column\" data-e-type=\"column\">\n\t\t\t<div class=\"elementor-widget-wrap elementor-element-populated\">\n\t\t\t\t\t\t<div class=\"elementor-element elementor-element-629d29f4 elementor-widget elementor-widget-heading\" data-id=\"629d29f4\" data-element_type=\"widget\" data-e-type=\"widget\" data-widget_type=\"heading.default\">\n\t\t\t\t<div class=\"elementor-widget-container\">\n\t\t\t\t\t<h4 class=\"elementor-heading-title elementor-size-default\"> Zure hurrengo proiekturako kalitatea eta esperientzia bilatzen ari zara?<\/h4>\t\t\t\t<\/div>\n\t\t\t\t<\/div>\n\t\t\t\t<div class=\"elementor-element elementor-element-2fd3dadd elementor-widget elementor-widget-heading\" data-id=\"2fd3dadd\" data-element_type=\"widget\" data-e-type=\"widget\" data-widget_type=\"heading.default\">\n\t\t\t\t<div class=\"elementor-widget-container\">\n\t\t\t\t\t<h2 class=\"elementor-heading-title elementor-size-default\">Jar zaitez harremanetan gaur!<\/h2>\t\t\t\t<\/div>\n\t\t\t\t<\/div>\n\t\t\t\t\t<\/div>\n\t\t<\/div>\n\t\t\t\t<div class=\"elementor-column elementor-col-50 elementor-top-column elementor-element elementor-element-6b83e357\" data-id=\"6b83e357\" data-element_type=\"column\" data-e-type=\"column\">\n\t\t\t<div class=\"elementor-widget-wrap elementor-element-populated\">\n\t\t\t\t\t\t<div class=\"elementor-element elementor-element-114ddf7 elementor-align-center elementor-widget elementor-widget-button\" data-id=\"114ddf7\" data-element_type=\"widget\" data-e-type=\"widget\" data-widget_type=\"button.default\">\n\t\t\t\t<div class=\"elementor-widget-container\">\n\t\t\t\t\t\t\t\t\t<div class=\"elementor-button-wrapper\">\n\t\t\t\t\t<a class=\"elementor-button elementor-button-link elementor-size-md\" href=\"https:\/\/aritu.com\/eu\/kontaktua\/\">\n\t\t\t\t\t\t<span class=\"elementor-button-content-wrapper\">\n\t\t\t\t\t\t\t\t\t<span class=\"elementor-button-text\">Kontaktuan jarri orain!<\/span>\n\t\t\t\t\t<\/span>\n\t\t\t\t\t<\/a>\n\t\t\t\t<\/div>\n\t\t\t\t\t\t\t\t<\/div>\n\t\t\t\t<\/div>\n\t\t\t\t\t<\/div>\n\t\t<\/div>\n\t\t\t\t\t<\/div>\n\t\t<\/section>\n\t\t\t\t<section class=\"elementor-section elementor-top-section elementor-element elementor-element-4ecb7bc3 elementor-section-content-middle elementor-section-boxed elementor-section-height-default elementor-section-height-default\" data-id=\"4ecb7bc3\" data-element_type=\"section\" data-e-type=\"section\" data-settings=\"{&quot;background_background&quot;:&quot;classic&quot;}\">\n\t\t\t\t\t\t<div class=\"elementor-container elementor-column-gap-no\">\n\t\t\t\t\t<div class=\"elementor-column elementor-col-50 elementor-top-column elementor-element elementor-element-6c571087\" data-id=\"6c571087\" data-element_type=\"column\" data-e-type=\"column\">\n\t\t\t<div class=\"elementor-widget-wrap elementor-element-populated\">\n\t\t\t\t\t\t<div class=\"elementor-element elementor-element-6b5a3137 elementor-widget-divider--view-line elementor-widget elementor-widget-divider\" data-id=\"6b5a3137\" data-element_type=\"widget\" data-e-type=\"widget\" data-widget_type=\"divider.default\">\n\t\t\t\t<div class=\"elementor-widget-container\">\n\t\t\t\t\t\t\t<div class=\"elementor-divider\">\n\t\t\t<span class=\"elementor-divider-separator\">\n\t\t\t\t\t\t<\/span>\n\t\t<\/div>\n\t\t\t\t\t\t<\/div>\n\t\t\t\t<\/div>\n\t\t\t\t<div class=\"elementor-element elementor-element-5c5d679a elementor-widget elementor-widget-heading\" data-id=\"5c5d679a\" data-element_type=\"widget\" data-e-type=\"widget\" data-widget_type=\"heading.default\">\n\t\t\t\t<div class=\"elementor-widget-container\">\n\t\t\t\t\t<h4 class=\"elementor-heading-title elementor-size-default\">Guri buruz<\/h4>\t\t\t\t<\/div>\n\t\t\t\t<\/div>\n\t\t\t\t\t<\/div>\n\t\t<\/div>\n\t\t\t\t<div class=\"elementor-column elementor-col-50 elementor-top-column elementor-element elementor-element-723e7d20\" data-id=\"723e7d20\" data-element_type=\"column\" data-e-type=\"column\">\n\t\t\t<div class=\"elementor-widget-wrap elementor-element-populated\">\n\t\t\t\t\t\t<div class=\"elementor-element elementor-element-35de17a2 elementor-widget elementor-widget-text-editor\" data-id=\"35de17a2\" data-element_type=\"widget\" data-e-type=\"widget\" data-widget_type=\"text-editor.default\">\n\t\t\t\t<div class=\"elementor-widget-container\">\n\t\t\t\t\t\t\t\t\t<div class=\"vc_toggle vc_toggle_default vc_toggle_color_default vc_toggle_size_md vc_toggle_active\">\n<div class=\"vc_toggle_content\">\n<p>ARITU 1994an sortu zen Aritu Lanteknik S. L. izenarekin, ingeniaritzako zerbitzak eta bulego teknikoarentzako laguntza eskaintzeko helburuarekin.<\/p>\n<\/div>\n<\/div>\n<div class=\"vc_toggle vc_toggle_default vc_toggle_color_default vc_toggle_size_md vc_toggle_active\">\n<div class=\"vc_toggle_title\">\n<h4>1996: MEKANIKAREN ETA INFORMATIKAREN KONBINAZIOA<\/h4>\n<\/div>\n<div class=\"vc_toggle_content\">\n<p>1996an informatika gehitu zen bere jarduera bezala, hasiera baten CAD sistemetarako pertsonalizazioak egiten eta gero software ingeniaritza bezala.<\/p>\n<\/div>\n<\/div>\n<div class=\"vc_toggle vc_toggle_default vc_toggle_color_default vc_toggle_size_md vc_toggle_active\">\n<div class=\"vc_toggle_title\">\n<h4>2000: LEHENENGO BEREZKO SOLUZIOA<\/h4>\n<\/div>\n<div class=\"vc_toggle_content\">\n<p>2000 urtean\u00a0<a href=\"https:\/\/elkargest.com\/eu\/\">ELKARGEST<\/a>\u00a0sortzen dugu, gastronom\u00eda elkarteen kudeaketarako software aintzindaria, ukipen pantailaren bidez erabilera errazteko sortua, gaur egun merkatuko soluzio liderra da.<\/p>\n<\/div>\n<\/div>\n<div class=\"vc_toggle vc_toggle_default vc_toggle_color_default vc_toggle_size_md vc_toggle_active\">\n<div class=\"vc_toggle_title\">\n<h4>2004: KOOPERATIBA<\/h4>\n<\/div>\n<div class=\"vc_toggle_content\">\n<p>2004an kooperatiba elkarte bezala sortu zen, zortzi pertsonako giza kapitalarekin, gizarte enpresa bateko inplikazio eta partehartzea sustatuz.<\/p>\n<\/div>\n<\/div>\n<div class=\"vc_toggle vc_toggle_default vc_toggle_color_default vc_toggle_size_md vc_toggle_active\">\n<div class=\"vc_toggle_title\">\n<h4>2010: BERRIKUNTZA ADIMENTSUAREN ALDEKO APUSTUA<\/h4>\n<\/div>\n<div class=\"vc_toggle_content\">\n<p>2010ean KBE \u2013 Knowledge Based Engineering kontzeptua gehitzen dugu. CAD sistemen programaziorako gure esperientzatik eta informazio prozesuen tratamentutik eboluzionatuz, KBE tresnek diseinua automatizatzeko eta ingeniaritza prozesuak hobetzeko aukera ematen dute.<\/p>\n<\/div>\n<\/div>\n<div class=\"vc_toggle vc_toggle_default vc_toggle_color_default vc_toggle_size_md vc_toggle_active\">\n<div class=\"vc_toggle_title\">\n<h4>2017: ELORAPLM OPENSOURCE<\/h4>\n<\/div>\n<div class=\"vc_toggle_content\">\n<p>Arituk berezko soluzio baten aldeko apustua egiten du,\u00a0<a href=\"https:\/\/eloraplm.com\/eu\/\">EloraPLM<\/a>, open source plataforma bat da, jabedun PLM softwareen mugak gainditzeko aukera ematen duena, eta PLM (Product Lifecycle Management \u2013 Produktuaren Bizi Zikloaren Kudeaketa) teknologiaren erabilera zabalduz industria sektoreko Enpresa Txiki eta Ertainen artean.<\/p>\n<\/div>\n<\/div>\n\t\t\t\t\t\t\t\t<\/div>\n\t\t\t\t<\/div>\n\t\t\t\t\t<\/div>\n\t\t<\/div>\n\t\t\t\t\t<\/div>\n\t\t<\/section>\n\t\t\t\t<section class=\"elementor-section elementor-top-section elementor-element elementor-element-2663c5c2 elementor-section-content-middle elementor-section-stretched elementor-section-boxed elementor-section-height-default elementor-section-height-default\" data-id=\"2663c5c2\" data-element_type=\"section\" data-e-type=\"section\" data-settings=\"{&quot;background_background&quot;:&quot;classic&quot;,&quot;stretch_section&quot;:&quot;section-stretched&quot;}\">\n\t\t\t\t\t\t<div class=\"elementor-container elementor-column-gap-no\">\n\t\t\t\t\t<div class=\"elementor-column elementor-col-100 elementor-top-column elementor-element elementor-element-3d77ad15\" data-id=\"3d77ad15\" data-element_type=\"column\" data-e-type=\"column\">\n\t\t\t<div class=\"elementor-widget-wrap elementor-element-populated\">\n\t\t\t\t\t\t<div class=\"elementor-element elementor-element-143e5571 elementor-widget elementor-widget-heading\" data-id=\"143e5571\" data-element_type=\"widget\" data-e-type=\"widget\" data-widget_type=\"heading.default\">\n\t\t\t\t<div class=\"elementor-widget-container\">\n\t\t\t\t\t<h4 class=\"elementor-heading-title elementor-size-default\">Guri Buruz<\/h4>\t\t\t\t<\/div>\n\t\t\t\t<\/div>\n\t\t\t\t<div class=\"elementor-element elementor-element-6d9cf56e elementor-widget elementor-widget-text-editor\" data-id=\"6d9cf56e\" data-element_type=\"widget\" data-e-type=\"widget\" data-widget_type=\"text-editor.default\">\n\t\t\t\t<div class=\"elementor-widget-container\">\n\t\t\t\t\t\t\t\t\t<p>Gure enpresako filosofia talde-lanean oinarritzen da, erabakiak hartzerakoan inplikazioa eta parte hartzea sustatuz.<\/p>\n\t\t\t\t\t\t\t\t<\/div>\n\t\t\t\t<\/div>\n\t\t\t\t<div class=\"elementor-element elementor-element-7e19f17c elementor-align-center elementor-widget elementor-widget-button\" data-id=\"7e19f17c\" data-element_type=\"widget\" data-e-type=\"widget\" data-widget_type=\"button.default\">\n\t\t\t\t<div class=\"elementor-widget-container\">\n\t\t\t\t\t\t\t\t\t<div class=\"elementor-button-wrapper\">\n\t\t\t\t\t<a class=\"elementor-button elementor-button-link elementor-size-sm elementor-animation-grow\" href=\"https:\/\/aritu.com\/eu\/zerbitzuak\/\">\n\t\t\t\t\t\t<span class=\"elementor-button-content-wrapper\">\n\t\t\t\t\t\t\t\t\t<span class=\"elementor-button-text\">Jakinduriaren konbinazioa<\/span>\n\t\t\t\t\t<\/span>\n\t\t\t\t\t<\/a>\n\t\t\t\t<\/div>\n\t\t\t\t\t\t\t\t<\/div>\n\t\t\t\t<\/div>\n\t\t\t\t\t<\/div>\n\t\t<\/div>\n\t\t\t\t\t<\/div>\n\t\t<\/section>\n\t\t\t\t<\/div>\n\t\t","protected":false},"excerpt":{"rendered":"<p>Zure proiektuak errealitate bihurtzen ditugu Zurekin lan egiten dugu Mekanikako eta informatikako ingeniaritzako profesional talde bat gara, gure bezeroekiko gertutasun handiko ibilbidearekin. Lantalde egonkor eta konprometitu batek osatutako kooperatiba bat gara: gure zutabeak taldelana, inplikazioa eta erabakiak hartzeko parte hartzea dira. Gure baloreak gaur egungo kooperatibismo batenak dira, aldi berean kudeaketa sistema partehartzailea mantenduz. ISO[&hellip;]<\/p>\n","protected":false},"author":1,"featured_media":0,"parent":0,"menu_order":0,"comment_status":"closed","ping_status":"closed","template":"","meta":{"zakra_general_container_width":0,"zakra_general_content_width":0,"zakra_general_sidebar_width":0,"zakra_sticky_header":"customizer","zakra_header_main_area":true,"zakra_site_logo_width":0,"zakra_header_top_enabled":"customizer","zakra_header_top_style":"customizer","zakra_primary_menu_item_style":"customizer","zakra_page_header_text_color":"","zakra_page_header_layout":"customizer","zakra_page_title_bg":"","zakra_footer_widgets_bg_image":0,"zakra_page_title_bg_repeat":"customizer","zakra_page_title_bg_position":"customizer","zakra_page_title_bg_size":"customizer","zakra_page_title_bg_attachment":"customizer","zakra_breadcrumbs_enabled":"customizer","zakra_breadcrumbs_text_color":"","zakra_breadcrumbs_separator_color":"","zakra_breadcrumbs_link_color":"","zakra_breadcrumbs_link_hover_color":"","zakra_page_title_bg_image":0,"zakra_footer_widgets_enabled":"customizer","zakra_footer_column_layout_1_style":"customizer","zakra_footer_widgets_bg":"","zakra_footer_widgets_bg_repeat":"customizer","zakra_footer_widgets_bg_position":"customizer","zakra_footer_widgets_bg_size":"customizer","zakra_footer_widgets_bg_attachment":"customizer","zakra_footer_bar_enabled":"customizer","zakra_footer_bar_style":"customizer","zakra_page_container_layout":"customizer","zakra_page_sidebar_layout":"customizer","zakra_remove_content_margin":false,"zakra_sidebar":"customizer","zakra_transparent_header":"customizer","zakra_logo":0,"zakra_main_header_style":"default","zakra_menu_item_color":"","zakra_menu_item_hover_color":"","zakra_menu_item_active_color":"","zakra_menu_active_style":"","zakra_page_header":false,"footnotes":""},"class_list":["post-1654","page","type-page","status-publish","hentry"],"yoast_head":"<!-- This site is optimized with the Yoast SEO plugin v27.4 - https:\/\/yoast.com\/product\/yoast-seo-wordpress\/ -->\n<title>Nortzuk Gara - Aritu Ingeniaritza<\/title>\n<meta name=\"description\" content=\"\u3010ARITU Ingeniaritza\u3011Ingeniaritza Informatikoa, Ingeniaritza Mekanikoa, PLM \u2705 Proiektuen kudeaketarako eta aktibo digitalen kudeaketarako soluzioak \u2705\" \/>\n<meta name=\"robots\" content=\"index, follow, max-snippet:-1, max-image-preview:large, max-video-preview:-1\" \/>\n<link rel=\"canonical\" href=\"https:\/\/aritu.com\/eu\/nortzuk-gara\/\" \/>\n<meta property=\"og:locale\" content=\"eu_ES\" \/>\n<meta property=\"og:type\" content=\"article\" \/>\n<meta property=\"og:title\" content=\"Nortzuk Gara - Aritu Ingeniaritza\" \/>\n<meta property=\"og:description\" content=\"\u3010ARITU Ingeniaritza\u3011Ingeniaritza Informatikoa, Ingeniaritza Mekanikoa, PLM \u2705 Proiektuen kudeaketarako eta aktibo digitalen kudeaketarako soluzioak \u2705\" \/>\n<meta property=\"og:url\" content=\"https:\/\/aritu.com\/eu\/nortzuk-gara\/\" \/>\n<meta property=\"og:site_name\" content=\"Aritu Ingeniaritza\" \/>\n<meta property=\"article:modified_time\" content=\"2022-02-10T14:06:06+00:00\" \/>\n<meta property=\"og:image\" content=\"https:\/\/aritu.com\/wp-content\/uploads\/2020\/01\/3D6A6074.jpg\" \/>\n<meta name=\"twitter:card\" content=\"summary_large_image\" \/>\n<meta name=\"twitter:label1\" content=\"Est. reading time\" \/>\n\t<meta name=\"twitter:data1\" content=\"2 minutes\" \/>\n<script type=\"application\/ld+json\" class=\"yoast-schema-graph\">{\"@context\":\"https:\\\/\\\/schema.org\",\"@graph\":[{\"@type\":\"WebPage\",\"@id\":\"https:\\\/\\\/aritu.com\\\/eu\\\/nortzuk-gara\\\/\",\"url\":\"https:\\\/\\\/aritu.com\\\/eu\\\/nortzuk-gara\\\/\",\"name\":\"Nortzuk Gara - Aritu Ingeniaritza\",\"isPartOf\":{\"@id\":\"https:\\\/\\\/aritu.com\\\/#website\"},\"primaryImageOfPage\":{\"@id\":\"https:\\\/\\\/aritu.com\\\/eu\\\/nortzuk-gara\\\/#primaryimage\"},\"image\":{\"@id\":\"https:\\\/\\\/aritu.com\\\/eu\\\/nortzuk-gara\\\/#primaryimage\"},\"thumbnailUrl\":\"https:\\\/\\\/aritu.com\\\/wp-content\\\/uploads\\\/2020\\\/01\\\/3D6A6074.jpg\",\"datePublished\":\"2020-01-21T14:46:08+00:00\",\"dateModified\":\"2022-02-10T14:06:06+00:00\",\"description\":\"\u3010ARITU Ingeniaritza\u3011Ingeniaritza Informatikoa, Ingeniaritza Mekanikoa, PLM \u2705 Proiektuen kudeaketarako eta aktibo digitalen kudeaketarako soluzioak \u2705\",\"breadcrumb\":{\"@id\":\"https:\\\/\\\/aritu.com\\\/eu\\\/nortzuk-gara\\\/#breadcrumb\"},\"inLanguage\":\"eu-ES\",\"potentialAction\":[{\"@type\":\"ReadAction\",\"target\":[\"https:\\\/\\\/aritu.com\\\/eu\\\/nortzuk-gara\\\/\"]}]},{\"@type\":\"ImageObject\",\"inLanguage\":\"eu-ES\",\"@id\":\"https:\\\/\\\/aritu.com\\\/eu\\\/nortzuk-gara\\\/#primaryimage\",\"url\":\"https:\\\/\\\/aritu.com\\\/wp-content\\\/uploads\\\/2020\\\/01\\\/3D6A6074.jpg\",\"contentUrl\":\"https:\\\/\\\/aritu.com\\\/wp-content\\\/uploads\\\/2020\\\/01\\\/3D6A6074.jpg\"},{\"@type\":\"BreadcrumbList\",\"@id\":\"https:\\\/\\\/aritu.com\\\/eu\\\/nortzuk-gara\\\/#breadcrumb\",\"itemListElement\":[{\"@type\":\"ListItem\",\"position\":1,\"name\":\"Portada\",\"item\":\"https:\\\/\\\/aritu.com\\\/\"},{\"@type\":\"ListItem\",\"position\":2,\"name\":\"Nortzuk Gara\"}]},{\"@type\":\"WebSite\",\"@id\":\"https:\\\/\\\/aritu.com\\\/#website\",\"url\":\"https:\\\/\\\/aritu.com\\\/\",\"name\":\"Aritu Ingeniaritza\",\"description\":\"\u3010Aritu Ingeniaritza\u3011Ingenier\u00eda Mec\u00e1nica, Ingenier\u00eda Inform\u00e1tica, PLM \u2705. Soluciones para la gesti\u00f3n de proyectos y para la gesti\u00f3n de activos digitales \u2705\",\"publisher\":{\"@id\":\"https:\\\/\\\/aritu.com\\\/#organization\"},\"potentialAction\":[{\"@type\":\"SearchAction\",\"target\":{\"@type\":\"EntryPoint\",\"urlTemplate\":\"https:\\\/\\\/aritu.com\\\/?s={search_term_string}\"},\"query-input\":{\"@type\":\"PropertyValueSpecification\",\"valueRequired\":true,\"valueName\":\"search_term_string\"}}],\"inLanguage\":\"eu-ES\"},{\"@type\":\"Organization\",\"@id\":\"https:\\\/\\\/aritu.com\\\/#organization\",\"name\":\"Aritu Ingeniaritza\",\"url\":\"https:\\\/\\\/aritu.com\\\/\",\"logo\":{\"@type\":\"ImageObject\",\"inLanguage\":\"eu-ES\",\"@id\":\"https:\\\/\\\/aritu.com\\\/#\\\/schema\\\/logo\\\/image\\\/\",\"url\":\"https:\\\/\\\/aritu.com\\\/wp-content\\\/uploads\\\/2020\\\/01\\\/cropped-Aritu_Logo_urdina-70x24-1.png\",\"contentUrl\":\"https:\\\/\\\/aritu.com\\\/wp-content\\\/uploads\\\/2020\\\/01\\\/cropped-Aritu_Logo_urdina-70x24-1.png\",\"width\":68,\"height\":24,\"caption\":\"Aritu Ingeniaritza\"},\"image\":{\"@id\":\"https:\\\/\\\/aritu.com\\\/#\\\/schema\\\/logo\\\/image\\\/\"},\"sameAs\":[\"https:\\\/\\\/www.linkedin.com\\\/company\\\/aritu-kooperatiba\\\/\"]}]}<\/script>\n<!-- \/ Yoast SEO plugin. -->","yoast_head_json":{"title":"Nortzuk Gara - Aritu Ingeniaritza","description":"\u3010ARITU Ingeniaritza\u3011Ingeniaritza Informatikoa, Ingeniaritza Mekanikoa, PLM \u2705 Proiektuen kudeaketarako eta aktibo digitalen kudeaketarako soluzioak \u2705","robots":{"index":"index","follow":"follow","max-snippet":"max-snippet:-1","max-image-preview":"max-image-preview:large","max-video-preview":"max-video-preview:-1"},"canonical":"https:\/\/aritu.com\/eu\/nortzuk-gara\/","og_locale":"eu_ES","og_type":"article","og_title":"Nortzuk Gara - Aritu Ingeniaritza","og_description":"\u3010ARITU Ingeniaritza\u3011Ingeniaritza Informatikoa, Ingeniaritza Mekanikoa, PLM \u2705 Proiektuen kudeaketarako eta aktibo digitalen kudeaketarako soluzioak \u2705","og_url":"https:\/\/aritu.com\/eu\/nortzuk-gara\/","og_site_name":"Aritu Ingeniaritza","article_modified_time":"2022-02-10T14:06:06+00:00","og_image":[{"url":"https:\/\/aritu.com\/wp-content\/uploads\/2020\/01\/3D6A6074.jpg","type":"","width":"","height":""}],"twitter_card":"summary_large_image","twitter_misc":{"Est. reading time":"2 minutes"},"schema":{"@context":"https:\/\/schema.org","@graph":[{"@type":"WebPage","@id":"https:\/\/aritu.com\/eu\/nortzuk-gara\/","url":"https:\/\/aritu.com\/eu\/nortzuk-gara\/","name":"Nortzuk Gara - Aritu Ingeniaritza","isPartOf":{"@id":"https:\/\/aritu.com\/#website"},"primaryImageOfPage":{"@id":"https:\/\/aritu.com\/eu\/nortzuk-gara\/#primaryimage"},"image":{"@id":"https:\/\/aritu.com\/eu\/nortzuk-gara\/#primaryimage"},"thumbnailUrl":"https:\/\/aritu.com\/wp-content\/uploads\/2020\/01\/3D6A6074.jpg","datePublished":"2020-01-21T14:46:08+00:00","dateModified":"2022-02-10T14:06:06+00:00","description":"\u3010ARITU Ingeniaritza\u3011Ingeniaritza Informatikoa, Ingeniaritza Mekanikoa, PLM \u2705 Proiektuen kudeaketarako eta aktibo digitalen kudeaketarako soluzioak \u2705","breadcrumb":{"@id":"https:\/\/aritu.com\/eu\/nortzuk-gara\/#breadcrumb"},"inLanguage":"eu-ES","potentialAction":[{"@type":"ReadAction","target":["https:\/\/aritu.com\/eu\/nortzuk-gara\/"]}]},{"@type":"ImageObject","inLanguage":"eu-ES","@id":"https:\/\/aritu.com\/eu\/nortzuk-gara\/#primaryimage","url":"https:\/\/aritu.com\/wp-content\/uploads\/2020\/01\/3D6A6074.jpg","contentUrl":"https:\/\/aritu.com\/wp-content\/uploads\/2020\/01\/3D6A6074.jpg"},{"@type":"BreadcrumbList","@id":"https:\/\/aritu.com\/eu\/nortzuk-gara\/#breadcrumb","itemListElement":[{"@type":"ListItem","position":1,"name":"Portada","item":"https:\/\/aritu.com\/"},{"@type":"ListItem","position":2,"name":"Nortzuk Gara"}]},{"@type":"WebSite","@id":"https:\/\/aritu.com\/#website","url":"https:\/\/aritu.com\/","name":"Aritu Ingeniaritza","description":"\u3010Aritu Ingeniaritza\u3011Ingenier\u00eda Mec\u00e1nica, Ingenier\u00eda Inform\u00e1tica, PLM \u2705. Soluciones para la gesti\u00f3n de proyectos y para la gesti\u00f3n de activos digitales \u2705","publisher":{"@id":"https:\/\/aritu.com\/#organization"},"potentialAction":[{"@type":"SearchAction","target":{"@type":"EntryPoint","urlTemplate":"https:\/\/aritu.com\/?s={search_term_string}"},"query-input":{"@type":"PropertyValueSpecification","valueRequired":true,"valueName":"search_term_string"}}],"inLanguage":"eu-ES"},{"@type":"Organization","@id":"https:\/\/aritu.com\/#organization","name":"Aritu Ingeniaritza","url":"https:\/\/aritu.com\/","logo":{"@type":"ImageObject","inLanguage":"eu-ES","@id":"https:\/\/aritu.com\/#\/schema\/logo\/image\/","url":"https:\/\/aritu.com\/wp-content\/uploads\/2020\/01\/cropped-Aritu_Logo_urdina-70x24-1.png","contentUrl":"https:\/\/aritu.com\/wp-content\/uploads\/2020\/01\/cropped-Aritu_Logo_urdina-70x24-1.png","width":68,"height":24,"caption":"Aritu Ingeniaritza"},"image":{"@id":"https:\/\/aritu.com\/#\/schema\/logo\/image\/"},"sameAs":["https:\/\/www.linkedin.com\/company\/aritu-kooperatiba\/"]}]}},"_links":{"self":[{"href":"https:\/\/aritu.com\/eu\/wp-json\/wp\/v2\/pages\/1654","targetHints":{"allow":["GET"]}}],"collection":[{"href":"https:\/\/aritu.com\/eu\/wp-json\/wp\/v2\/pages"}],"about":[{"href":"https:\/\/aritu.com\/eu\/wp-json\/wp\/v2\/types\/page"}],"author":[{"embeddable":true,"href":"https:\/\/aritu.com\/eu\/wp-json\/wp\/v2\/users\/1"}],"replies":[{"embeddable":true,"href":"https:\/\/aritu.com\/eu\/wp-json\/wp\/v2\/comments?post=1654"}],"version-history":[{"count":1,"href":"https:\/\/aritu.com\/eu\/wp-json\/wp\/v2\/pages\/1654\/revisions"}],"predecessor-version":[{"id":2157,"href":"https:\/\/aritu.com\/eu\/wp-json\/wp\/v2\/pages\/1654\/revisions\/2157"}],"wp:attachment":[{"href":"https:\/\/aritu.com\/eu\/wp-json\/wp\/v2\/media?parent=1654"}],"curies":[{"name":"wp","href":"https:\/\/api.w.org\/{rel}","templated":true}]}}