{"id":1639,"date":"2020-01-21T08:46:49","date_gmt":"2020-01-21T08:46:49","guid":{"rendered":"http:\/\/localhost\/aktibo-digitalen-kudeaketa\/"},"modified":"2020-03-12T16:37:08","modified_gmt":"2020-03-12T15:37:08","slug":"aktibo-digitalen-kudeaketa","status":"publish","type":"page","link":"https:\/\/aritu.com\/eu\/aktibo-digitalen-kudeaketa\/","title":{"rendered":"Aktibo Digitalen Kudeaketa"},"content":{"rendered":"\t\t<div data-elementor-type=\"wp-page\" data-elementor-id=\"1639\" class=\"elementor elementor-1639 elementor-1474\">\n\t\t\t\t\t\t<section class=\"elementor-section elementor-top-section elementor-element elementor-element-54dbae6c elementor-section-content-middle elementor-section-boxed elementor-section-height-default elementor-section-height-default\" data-id=\"54dbae6c\" data-element_type=\"section\" data-e-type=\"section\" data-settings=\"{&quot;background_background&quot;:&quot;classic&quot;}\">\n\t\t\t\t\t\t<div class=\"elementor-container elementor-column-gap-default\">\n\t\t\t\t\t<div class=\"elementor-column elementor-col-50 elementor-top-column elementor-element elementor-element-66025fff\" data-id=\"66025fff\" data-element_type=\"column\" data-e-type=\"column\">\n\t\t\t<div class=\"elementor-widget-wrap elementor-element-populated\">\n\t\t\t\t\t\t<div class=\"elementor-element elementor-element-49f2b142 elementor-widget elementor-widget-image\" data-id=\"49f2b142\" data-element_type=\"widget\" data-e-type=\"widget\" data-widget_type=\"image.default\">\n\t\t\t\t<div class=\"elementor-widget-container\">\n\t\t\t\t\t\t\t\t\t\t\t\t\t\t\t<img fetchpriority=\"high\" decoding=\"async\" width=\"589\" height=\"300\" src=\"https:\/\/aritu.com\/wp-content\/uploads\/2020\/01\/web_nuxeo-min.png\" class=\"attachment-full size-full wp-image-1590\" alt=\"\" srcset=\"https:\/\/aritu.com\/wp-content\/uploads\/2020\/01\/web_nuxeo-min.png 589w, https:\/\/aritu.com\/wp-content\/uploads\/2020\/01\/web_nuxeo-min-300x153.png 300w\" sizes=\"(max-width: 589px) 100vw, 589px\" \/>\t\t\t\t\t\t\t\t\t\t\t\t\t\t\t<\/div>\n\t\t\t\t<\/div>\n\t\t\t\t\t<\/div>\n\t\t<\/div>\n\t\t\t\t<div class=\"elementor-column elementor-col-50 elementor-top-column elementor-element elementor-element-495c55d1\" data-id=\"495c55d1\" data-element_type=\"column\" data-e-type=\"column\">\n\t\t\t<div class=\"elementor-widget-wrap elementor-element-populated\">\n\t\t\t\t\t\t<div class=\"elementor-element elementor-element-71c1b055 elementor-widget elementor-widget-heading\" data-id=\"71c1b055\" data-element_type=\"widget\" data-e-type=\"widget\" data-widget_type=\"heading.default\">\n\t\t\t\t<div class=\"elementor-widget-container\">\n\t\t\t\t\t<h4 class=\"elementor-heading-title elementor-size-default\">Zentzuzko Eraberritzea<\/h4>\t\t\t\t<\/div>\n\t\t\t\t<\/div>\n\t\t\t\t<div class=\"elementor-element elementor-element-5decfe90 elementor-widget elementor-widget-heading\" data-id=\"5decfe90\" data-element_type=\"widget\" data-e-type=\"widget\" data-widget_type=\"heading.default\">\n\t\t\t\t<div class=\"elementor-widget-container\">\n\t\t\t\t\t<h2 class=\"elementor-heading-title elementor-size-default\">Aktibo Digitalen Kudeaketa<\/h2>\t\t\t\t<\/div>\n\t\t\t\t<\/div>\n\t\t\t\t<div class=\"elementor-element elementor-element-467f1678 elementor-widget elementor-widget-text-editor\" data-id=\"467f1678\" data-element_type=\"widget\" data-e-type=\"widget\" data-widget_type=\"text-editor.default\">\n\t\t\t\t<div class=\"elementor-widget-container\">\n\t\t\t\t\t\t\t\t\t<p>Enpresako edukiaren kudeaketa (<strong>ECM-Enterprise Content Management<\/strong>), aktibo digitalen kudeaketa (<strong>DAM-Digital Asset Management<\/strong>) edo soilik dokumentuen kudeaketa (<strong>DM-Document Management<\/strong>) erakunde bateko eduki digital osoa kudeatzeko sistema bati deitzeko moduak dira, eduki hau dokumentuek, artxiboek, argazkiek, bideok edo oharrek osatzen dute.<\/p>\n\t\t\t\t\t\t\t\t<\/div>\n\t\t\t\t<\/div>\n\t\t\t\t\t<\/div>\n\t\t<\/div>\n\t\t\t\t\t<\/div>\n\t\t<\/section>\n\t\t\t\t<section class=\"elementor-section elementor-top-section elementor-element elementor-element-79e643b elementor-section-boxed elementor-section-height-default elementor-section-height-default\" data-id=\"79e643b\" data-element_type=\"section\" data-e-type=\"section\">\n\t\t\t\t\t\t<div class=\"elementor-container elementor-column-gap-default\">\n\t\t\t\t\t<div class=\"elementor-column elementor-col-50 elementor-top-column elementor-element elementor-element-bcce655\" data-id=\"bcce655\" data-element_type=\"column\" data-e-type=\"column\">\n\t\t\t<div class=\"elementor-widget-wrap elementor-element-populated\">\n\t\t\t\t\t\t\t<\/div>\n\t\t<\/div>\n\t\t\t\t<div class=\"elementor-column elementor-col-50 elementor-top-column elementor-element elementor-element-f214286\" data-id=\"f214286\" data-element_type=\"column\" data-e-type=\"column\">\n\t\t\t<div class=\"elementor-widget-wrap elementor-element-populated\">\n\t\t\t\t\t\t<div class=\"elementor-element elementor-element-122e833 elementor-widget elementor-widget-heading\" data-id=\"122e833\" data-element_type=\"widget\" data-e-type=\"widget\" data-widget_type=\"heading.default\">\n\t\t\t\t<div class=\"elementor-widget-container\">\n\t\t\t\t\t<h2 class=\"elementor-heading-title elementor-size-default\">Sistema<\/h2>\t\t\t\t<\/div>\n\t\t\t\t<\/div>\n\t\t\t\t\t<\/div>\n\t\t<\/div>\n\t\t\t\t\t<\/div>\n\t\t<\/section>\n\t\t\t\t<section class=\"elementor-section elementor-top-section elementor-element elementor-element-9e54add elementor-section-boxed elementor-section-height-default elementor-section-height-default\" data-id=\"9e54add\" data-element_type=\"section\" data-e-type=\"section\">\n\t\t\t\t\t\t<div class=\"elementor-container elementor-column-gap-default\">\n\t\t\t\t\t<div class=\"elementor-column elementor-col-50 elementor-top-column elementor-element elementor-element-e6cf5ec\" data-id=\"e6cf5ec\" data-element_type=\"column\" data-e-type=\"column\">\n\t\t\t<div class=\"elementor-widget-wrap elementor-element-populated\">\n\t\t\t\t\t\t\t<\/div>\n\t\t<\/div>\n\t\t\t\t<div class=\"elementor-column elementor-col-50 elementor-top-column elementor-element elementor-element-c413437\" data-id=\"c413437\" data-element_type=\"column\" data-e-type=\"column\">\n\t\t\t<div class=\"elementor-widget-wrap elementor-element-populated\">\n\t\t\t\t\t\t<div class=\"elementor-element elementor-element-8d2392e elementor-widget elementor-widget-text-editor\" data-id=\"8d2392e\" data-element_type=\"widget\" data-e-type=\"widget\" data-widget_type=\"text-editor.default\">\n\t\t\t\t<div class=\"elementor-widget-container\">\n\t\t\t\t\t\t\t\t\t<p><strong>Nuxeo open source<\/strong>&nbsp;plataforman Arituk duen esperientziak erakunde bakoitzaren kasuak artatzeko konfigurazio azkar bat ahalbidetzen du, gainera lizentzia motari esker sail guztietara zabaldu daiteke kostu gehigarririk gabe.<br \/>Kode irekia izateak beharren araberako pertsonalizazioa eta konfigurazioa ahalbidetzen ditu; gainera erabileraren arabera gehitu daitekeena.<\/p>\n\t\t\t\t\t\t\t\t<\/div>\n\t\t\t\t<\/div>\n\t\t\t\t\t<\/div>\n\t\t<\/div>\n\t\t\t\t\t<\/div>\n\t\t<\/section>\n\t\t\t\t<section class=\"elementor-section elementor-top-section elementor-element elementor-element-3c2a2d6 elementor-section-boxed elementor-section-height-default elementor-section-height-default\" data-id=\"3c2a2d6\" data-element_type=\"section\" data-e-type=\"section\">\n\t\t\t\t\t\t<div class=\"elementor-container elementor-column-gap-default\">\n\t\t\t\t\t<div class=\"elementor-column elementor-col-50 elementor-top-column elementor-element elementor-element-b99922d\" data-id=\"b99922d\" data-element_type=\"column\" data-e-type=\"column\">\n\t\t\t<div class=\"elementor-widget-wrap\">\n\t\t\t\t\t\t\t<\/div>\n\t\t<\/div>\n\t\t\t\t<div class=\"elementor-column elementor-col-50 elementor-top-column elementor-element elementor-element-6297e9c\" data-id=\"6297e9c\" data-element_type=\"column\" data-e-type=\"column\">\n\t\t\t<div class=\"elementor-widget-wrap elementor-element-populated\">\n\t\t\t\t\t\t<div class=\"elementor-element elementor-element-3ef913c elementor-widget elementor-widget-heading\" data-id=\"3ef913c\" data-element_type=\"widget\" data-e-type=\"widget\" data-widget_type=\"heading.default\">\n\t\t\t\t<div class=\"elementor-widget-container\">\n\t\t\t\t\t<h2 class=\"elementor-heading-title elementor-size-default\">Ezaugarriak<\/h2>\t\t\t\t<\/div>\n\t\t\t\t<\/div>\n\t\t\t\t\t<\/div>\n\t\t<\/div>\n\t\t\t\t\t<\/div>\n\t\t<\/section>\n\t\t\t\t<section class=\"elementor-section elementor-top-section elementor-element elementor-element-a94f152 elementor-section-boxed elementor-section-height-default elementor-section-height-default\" data-id=\"a94f152\" data-element_type=\"section\" data-e-type=\"section\">\n\t\t\t\t\t\t<div class=\"elementor-container elementor-column-gap-default\">\n\t\t\t\t\t<div class=\"elementor-column elementor-col-50 elementor-top-column elementor-element elementor-element-1e7d417\" data-id=\"1e7d417\" data-element_type=\"column\" data-e-type=\"column\">\n\t\t\t<div class=\"elementor-widget-wrap\">\n\t\t\t\t\t\t\t<\/div>\n\t\t<\/div>\n\t\t\t\t<div class=\"elementor-column elementor-col-50 elementor-top-column elementor-element elementor-element-9c69325\" data-id=\"9c69325\" data-element_type=\"column\" data-e-type=\"column\">\n\t\t\t<div class=\"elementor-widget-wrap elementor-element-populated\">\n\t\t\t\t\t\t<div class=\"elementor-element elementor-element-ba47507 elementor-widget elementor-widget-text-editor\" data-id=\"ba47507\" data-element_type=\"widget\" data-e-type=\"widget\" data-widget_type=\"text-editor.default\">\n\t\t\t\t<div class=\"elementor-widget-container\">\n\t\t\t\t\t\t\t\t\t<ul>\n<li>Dokumentu guztiak sistema bakar batean<\/li>\n<li>Bertsioen kontrola<\/li>\n<li>Egoerak: Zirriborroa, Onartua, Publikatua,\u2026<\/li>\n<li>Bilaketa eta sailkapen modu desberdinak<\/li>\n<li>Lan fluxuak<\/li>\n<li>Beharrezkoak diren metadatuekin dokumentu motak sortzeko aukera (adib. Espedienteak kudeatzeko)<\/li>\n<li>Karpeta eta dokumentuen estrukturak sortzeko txantiloiak<\/li>\n<li>Erabiltzaileak eta taldeak. Gertaeren auditoria<\/li>\n<li>Web soluzioa -&gt; edozein lekutatik lana egiteko aukerarekin<\/li>\n<li>Sakelako telefonotik prozesuak kontsultatu eta kudeatu<\/li>\n<\/ul>\n\t\t\t\t\t\t\t\t<\/div>\n\t\t\t\t<\/div>\n\t\t\t\t\t<\/div>\n\t\t<\/div>\n\t\t\t\t\t<\/div>\n\t\t<\/section>\n\t\t\t\t<\/div>\n\t\t","protected":false},"excerpt":{"rendered":"<p>Zentzuzko Eraberritzea Aktibo Digitalen Kudeaketa Enpresako edukiaren kudeaketa (ECM-Enterprise Content Management), aktibo digitalen kudeaketa (DAM-Digital Asset Management) edo soilik dokumentuen kudeaketa (DM-Document Management) erakunde bateko eduki digital osoa kudeatzeko sistema bati deitzeko moduak dira, eduki hau dokumentuek, artxiboek, argazkiek, bideok edo oharrek osatzen dute. Sistema Nuxeo open source&nbsp;plataforman Arituk duen esperientziak erakunde bakoitzaren kasuak artatzeko[&hellip;]<\/p>\n","protected":false},"author":1,"featured_media":0,"parent":0,"menu_order":0,"comment_status":"closed","ping_status":"closed","template":"","meta":{"zakra_general_container_width":0,"zakra_general_content_width":0,"zakra_general_sidebar_width":0,"zakra_sticky_header":"customizer","zakra_header_main_area":true,"zakra_site_logo_width":0,"zakra_header_top_enabled":"customizer","zakra_header_top_style":"customizer","zakra_primary_menu_item_style":"customizer","zakra_page_header_text_color":"","zakra_page_header_layout":"customizer","zakra_page_title_bg":"","zakra_footer_widgets_bg_image":0,"zakra_page_title_bg_repeat":"customizer","zakra_page_title_bg_position":"customizer","zakra_page_title_bg_size":"customizer","zakra_page_title_bg_attachment":"customizer","zakra_breadcrumbs_enabled":"customizer","zakra_breadcrumbs_text_color":"","zakra_breadcrumbs_separator_color":"","zakra_breadcrumbs_link_color":"","zakra_breadcrumbs_link_hover_color":"","zakra_page_title_bg_image":0,"zakra_footer_widgets_enabled":"customizer","zakra_footer_column_layout_1_style":"customizer","zakra_footer_widgets_bg":"","zakra_footer_widgets_bg_repeat":"customizer","zakra_footer_widgets_bg_position":"customizer","zakra_footer_widgets_bg_size":"customizer","zakra_footer_widgets_bg_attachment":"customizer","zakra_footer_bar_enabled":"customizer","zakra_footer_bar_style":"customizer","zakra_page_container_layout":"customizer","zakra_page_sidebar_layout":"customizer","zakra_remove_content_margin":false,"zakra_sidebar":"customizer","zakra_transparent_header":"customizer","zakra_logo":0,"zakra_main_header_style":"default","zakra_menu_item_color":"","zakra_menu_item_hover_color":"","zakra_menu_item_active_color":"","zakra_menu_active_style":"","zakra_page_header":true,"footnotes":""},"class_list":["post-1639","page","type-page","status-publish","hentry"],"yoast_head":"<!-- This site is optimized with the Yoast SEO plugin v27.4 - https:\/\/yoast.com\/product\/yoast-seo-wordpress\/ -->\n<title>Aktibo Digitalen Kudeaketa - Aritu Ingeniaritza<\/title>\n<meta name=\"description\" content=\"ECM, Enterprise Content Management\u3010NUXEO\u3011DAM, Digital Asset Management \u2705 Dokumentuen kudeaketa, DM-Document Management. Bidali email bat informazio gehiago jasotzeko!\" \/>\n<meta name=\"robots\" content=\"index, follow, max-snippet:-1, max-image-preview:large, max-video-preview:-1\" \/>\n<link rel=\"canonical\" href=\"https:\/\/aritu.com\/eu\/aktibo-digitalen-kudeaketa\/\" \/>\n<meta property=\"og:locale\" content=\"eu_ES\" \/>\n<meta property=\"og:type\" content=\"article\" \/>\n<meta property=\"og:title\" content=\"Aktibo Digitalen Kudeaketa - Aritu Ingeniaritza\" \/>\n<meta property=\"og:description\" content=\"ECM, Enterprise Content Management\u3010NUXEO\u3011DAM, Digital Asset Management \u2705 Dokumentuen kudeaketa, DM-Document Management. Bidali email bat informazio gehiago jasotzeko!\" \/>\n<meta property=\"og:url\" content=\"https:\/\/aritu.com\/eu\/aktibo-digitalen-kudeaketa\/\" \/>\n<meta property=\"og:site_name\" content=\"Aritu Ingeniaritza\" \/>\n<meta property=\"article:modified_time\" content=\"2020-03-12T15:37:08+00:00\" \/>\n<meta property=\"og:image\" content=\"https:\/\/aritu.com\/wp-content\/uploads\/2020\/01\/web_nuxeo-min.png\" \/>\n<meta name=\"twitter:card\" content=\"summary_large_image\" \/>\n<meta name=\"twitter:label1\" content=\"Est. reading time\" \/>\n\t<meta name=\"twitter:data1\" content=\"1 minute\" \/>\n<script type=\"application\/ld+json\" class=\"yoast-schema-graph\">{\"@context\":\"https:\\\/\\\/schema.org\",\"@graph\":[{\"@type\":\"WebPage\",\"@id\":\"https:\\\/\\\/aritu.com\\\/eu\\\/aktibo-digitalen-kudeaketa\\\/\",\"url\":\"https:\\\/\\\/aritu.com\\\/eu\\\/aktibo-digitalen-kudeaketa\\\/\",\"name\":\"Aktibo Digitalen Kudeaketa - Aritu Ingeniaritza\",\"isPartOf\":{\"@id\":\"https:\\\/\\\/aritu.com\\\/#website\"},\"primaryImageOfPage\":{\"@id\":\"https:\\\/\\\/aritu.com\\\/eu\\\/aktibo-digitalen-kudeaketa\\\/#primaryimage\"},\"image\":{\"@id\":\"https:\\\/\\\/aritu.com\\\/eu\\\/aktibo-digitalen-kudeaketa\\\/#primaryimage\"},\"thumbnailUrl\":\"https:\\\/\\\/aritu.com\\\/wp-content\\\/uploads\\\/2020\\\/01\\\/web_nuxeo-min.png\",\"datePublished\":\"2020-01-21T08:46:49+00:00\",\"dateModified\":\"2020-03-12T15:37:08+00:00\",\"description\":\"ECM, Enterprise Content Management\u3010NUXEO\u3011DAM, Digital Asset Management \u2705 Dokumentuen kudeaketa, DM-Document Management. Bidali email bat informazio gehiago jasotzeko!\",\"breadcrumb\":{\"@id\":\"https:\\\/\\\/aritu.com\\\/eu\\\/aktibo-digitalen-kudeaketa\\\/#breadcrumb\"},\"inLanguage\":\"eu-ES\",\"potentialAction\":[{\"@type\":\"ReadAction\",\"target\":[\"https:\\\/\\\/aritu.com\\\/eu\\\/aktibo-digitalen-kudeaketa\\\/\"]}]},{\"@type\":\"ImageObject\",\"inLanguage\":\"eu-ES\",\"@id\":\"https:\\\/\\\/aritu.com\\\/eu\\\/aktibo-digitalen-kudeaketa\\\/#primaryimage\",\"url\":\"https:\\\/\\\/aritu.com\\\/wp-content\\\/uploads\\\/2020\\\/01\\\/web_nuxeo-min.png\",\"contentUrl\":\"https:\\\/\\\/aritu.com\\\/wp-content\\\/uploads\\\/2020\\\/01\\\/web_nuxeo-min.png\"},{\"@type\":\"BreadcrumbList\",\"@id\":\"https:\\\/\\\/aritu.com\\\/eu\\\/aktibo-digitalen-kudeaketa\\\/#breadcrumb\",\"itemListElement\":[{\"@type\":\"ListItem\",\"position\":1,\"name\":\"Portada\",\"item\":\"https:\\\/\\\/aritu.com\\\/\"},{\"@type\":\"ListItem\",\"position\":2,\"name\":\"Aktibo Digitalen Kudeaketa\"}]},{\"@type\":\"WebSite\",\"@id\":\"https:\\\/\\\/aritu.com\\\/#website\",\"url\":\"https:\\\/\\\/aritu.com\\\/\",\"name\":\"Aritu Ingeniaritza\",\"description\":\"\u3010Aritu Ingeniaritza\u3011Ingenier\u00eda Mec\u00e1nica, Ingenier\u00eda Inform\u00e1tica, PLM \u2705. Soluciones para la gesti\u00f3n de proyectos y para la gesti\u00f3n de activos digitales \u2705\",\"publisher\":{\"@id\":\"https:\\\/\\\/aritu.com\\\/#organization\"},\"potentialAction\":[{\"@type\":\"SearchAction\",\"target\":{\"@type\":\"EntryPoint\",\"urlTemplate\":\"https:\\\/\\\/aritu.com\\\/?s={search_term_string}\"},\"query-input\":{\"@type\":\"PropertyValueSpecification\",\"valueRequired\":true,\"valueName\":\"search_term_string\"}}],\"inLanguage\":\"eu-ES\"},{\"@type\":\"Organization\",\"@id\":\"https:\\\/\\\/aritu.com\\\/#organization\",\"name\":\"Aritu Ingeniaritza\",\"url\":\"https:\\\/\\\/aritu.com\\\/\",\"logo\":{\"@type\":\"ImageObject\",\"inLanguage\":\"eu-ES\",\"@id\":\"https:\\\/\\\/aritu.com\\\/#\\\/schema\\\/logo\\\/image\\\/\",\"url\":\"https:\\\/\\\/aritu.com\\\/wp-content\\\/uploads\\\/2020\\\/01\\\/cropped-Aritu_Logo_urdina-70x24-1.png\",\"contentUrl\":\"https:\\\/\\\/aritu.com\\\/wp-content\\\/uploads\\\/2020\\\/01\\\/cropped-Aritu_Logo_urdina-70x24-1.png\",\"width\":68,\"height\":24,\"caption\":\"Aritu Ingeniaritza\"},\"image\":{\"@id\":\"https:\\\/\\\/aritu.com\\\/#\\\/schema\\\/logo\\\/image\\\/\"},\"sameAs\":[\"https:\\\/\\\/www.linkedin.com\\\/company\\\/aritu-kooperatiba\\\/\"]}]}<\/script>\n<!-- \/ Yoast SEO plugin. -->","yoast_head_json":{"title":"Aktibo Digitalen Kudeaketa - Aritu Ingeniaritza","description":"ECM, Enterprise Content Management\u3010NUXEO\u3011DAM, Digital Asset Management \u2705 Dokumentuen kudeaketa, DM-Document Management. Bidali email bat informazio gehiago jasotzeko!","robots":{"index":"index","follow":"follow","max-snippet":"max-snippet:-1","max-image-preview":"max-image-preview:large","max-video-preview":"max-video-preview:-1"},"canonical":"https:\/\/aritu.com\/eu\/aktibo-digitalen-kudeaketa\/","og_locale":"eu_ES","og_type":"article","og_title":"Aktibo Digitalen Kudeaketa - Aritu Ingeniaritza","og_description":"ECM, Enterprise Content Management\u3010NUXEO\u3011DAM, Digital Asset Management \u2705 Dokumentuen kudeaketa, DM-Document Management. Bidali email bat informazio gehiago jasotzeko!","og_url":"https:\/\/aritu.com\/eu\/aktibo-digitalen-kudeaketa\/","og_site_name":"Aritu Ingeniaritza","article_modified_time":"2020-03-12T15:37:08+00:00","og_image":[{"url":"https:\/\/aritu.com\/wp-content\/uploads\/2020\/01\/web_nuxeo-min.png","type":"","width":"","height":""}],"twitter_card":"summary_large_image","twitter_misc":{"Est. reading time":"1 minute"},"schema":{"@context":"https:\/\/schema.org","@graph":[{"@type":"WebPage","@id":"https:\/\/aritu.com\/eu\/aktibo-digitalen-kudeaketa\/","url":"https:\/\/aritu.com\/eu\/aktibo-digitalen-kudeaketa\/","name":"Aktibo Digitalen Kudeaketa - Aritu Ingeniaritza","isPartOf":{"@id":"https:\/\/aritu.com\/#website"},"primaryImageOfPage":{"@id":"https:\/\/aritu.com\/eu\/aktibo-digitalen-kudeaketa\/#primaryimage"},"image":{"@id":"https:\/\/aritu.com\/eu\/aktibo-digitalen-kudeaketa\/#primaryimage"},"thumbnailUrl":"https:\/\/aritu.com\/wp-content\/uploads\/2020\/01\/web_nuxeo-min.png","datePublished":"2020-01-21T08:46:49+00:00","dateModified":"2020-03-12T15:37:08+00:00","description":"ECM, Enterprise Content Management\u3010NUXEO\u3011DAM, Digital Asset Management \u2705 Dokumentuen kudeaketa, DM-Document Management. Bidali email bat informazio gehiago jasotzeko!","breadcrumb":{"@id":"https:\/\/aritu.com\/eu\/aktibo-digitalen-kudeaketa\/#breadcrumb"},"inLanguage":"eu-ES","potentialAction":[{"@type":"ReadAction","target":["https:\/\/aritu.com\/eu\/aktibo-digitalen-kudeaketa\/"]}]},{"@type":"ImageObject","inLanguage":"eu-ES","@id":"https:\/\/aritu.com\/eu\/aktibo-digitalen-kudeaketa\/#primaryimage","url":"https:\/\/aritu.com\/wp-content\/uploads\/2020\/01\/web_nuxeo-min.png","contentUrl":"https:\/\/aritu.com\/wp-content\/uploads\/2020\/01\/web_nuxeo-min.png"},{"@type":"BreadcrumbList","@id":"https:\/\/aritu.com\/eu\/aktibo-digitalen-kudeaketa\/#breadcrumb","itemListElement":[{"@type":"ListItem","position":1,"name":"Portada","item":"https:\/\/aritu.com\/"},{"@type":"ListItem","position":2,"name":"Aktibo Digitalen Kudeaketa"}]},{"@type":"WebSite","@id":"https:\/\/aritu.com\/#website","url":"https:\/\/aritu.com\/","name":"Aritu Ingeniaritza","description":"\u3010Aritu Ingeniaritza\u3011Ingenier\u00eda Mec\u00e1nica, Ingenier\u00eda Inform\u00e1tica, PLM \u2705. Soluciones para la gesti\u00f3n de proyectos y para la gesti\u00f3n de activos digitales \u2705","publisher":{"@id":"https:\/\/aritu.com\/#organization"},"potentialAction":[{"@type":"SearchAction","target":{"@type":"EntryPoint","urlTemplate":"https:\/\/aritu.com\/?s={search_term_string}"},"query-input":{"@type":"PropertyValueSpecification","valueRequired":true,"valueName":"search_term_string"}}],"inLanguage":"eu-ES"},{"@type":"Organization","@id":"https:\/\/aritu.com\/#organization","name":"Aritu Ingeniaritza","url":"https:\/\/aritu.com\/","logo":{"@type":"ImageObject","inLanguage":"eu-ES","@id":"https:\/\/aritu.com\/#\/schema\/logo\/image\/","url":"https:\/\/aritu.com\/wp-content\/uploads\/2020\/01\/cropped-Aritu_Logo_urdina-70x24-1.png","contentUrl":"https:\/\/aritu.com\/wp-content\/uploads\/2020\/01\/cropped-Aritu_Logo_urdina-70x24-1.png","width":68,"height":24,"caption":"Aritu Ingeniaritza"},"image":{"@id":"https:\/\/aritu.com\/#\/schema\/logo\/image\/"},"sameAs":["https:\/\/www.linkedin.com\/company\/aritu-kooperatiba\/"]}]}},"_links":{"self":[{"href":"https:\/\/aritu.com\/eu\/wp-json\/wp\/v2\/pages\/1639","targetHints":{"allow":["GET"]}}],"collection":[{"href":"https:\/\/aritu.com\/eu\/wp-json\/wp\/v2\/pages"}],"about":[{"href":"https:\/\/aritu.com\/eu\/wp-json\/wp\/v2\/types\/page"}],"author":[{"embeddable":true,"href":"https:\/\/aritu.com\/eu\/wp-json\/wp\/v2\/users\/1"}],"replies":[{"embeddable":true,"href":"https:\/\/aritu.com\/eu\/wp-json\/wp\/v2\/comments?post=1639"}],"version-history":[{"count":0,"href":"https:\/\/aritu.com\/eu\/wp-json\/wp\/v2\/pages\/1639\/revisions"}],"wp:attachment":[{"href":"https:\/\/aritu.com\/eu\/wp-json\/wp\/v2\/media?parent=1639"}],"curies":[{"name":"wp","href":"https:\/\/api.w.org\/{rel}","templated":true}]}}