{"id":1632,"date":"2020-01-21T08:32:31","date_gmt":"2020-01-21T08:32:31","guid":{"rendered":"http:\/\/localhost\/kontaktua\/"},"modified":"2024-10-16T10:06:58","modified_gmt":"2024-10-16T09:06:58","slug":"kontaktua","status":"publish","type":"page","link":"https:\/\/aritu.com\/eu\/kontaktua\/","title":{"rendered":"Kontaktua"},"content":{"rendered":"<div class=\"everest-forms\"><div class=\"evf-container default\" id=\"evf-386\"><form id=\"evf-form-386\" class=\"everest-form\" data-formid=\"386\" data-ajax_submission=\"0\" data-keyboard_friendly_form=\"0\" data-form_state_type=\"\" method=\"post\" enctype=\"multipart\/form-data\" action=\"\/eu\/wp-json\/wp\/v2\/pages\/1632\"><div class=\"evf-field-container\"><input type=\"hidden\" id=\"_wpnonce386\" name=\"_wpnonce386\" value=\"a4e49d6940\" \/><input type=\"hidden\" name=\"_wp_http_referer\" value=\"\/eu\/wp-json\/wp\/v2\/pages\/1632\" \/><div class=\"evf-frontend-row\" data-row=\"row_1\" conditional_rules=\"[]\"><div class=\"evf-frontend-grid evf-grid-1\" data-grid=\"grid_1\"><div id=\"evf-386-field_fullname-container\" class=\"evf-field evf-field-text form-row validate-required\" data-required-field-message=\"Este campo es obligatorio.\" data-field-id=\"fullname\"><label class=\"evf-field-label\" for=\"evf-386-field_fullname\"><span class=\"evf-label\">Izena<\/span> <abbr class=\"required\" title=\"Required\">*<\/abbr><\/label><input type=\"text\" id=\"evf-386-field_fullname\" class=\"input-text\" name=\"everest_forms[form_fields][fullname]\" required><\/div><div id=\"evf-386-field_email-container\" class=\"evf-field evf-field-email form-row validate-required validate-email\" data-required-field-message=\"Por favor, usa una direcci\u00f3n de correo electr\u00f3nico v\u00e1lida.\" data-field-id=\"email\"><label class=\"evf-field-label\" for=\"evf-386-field_email\"><span class=\"evf-label\">Emaila<\/span> <abbr class=\"required\" title=\"Required\">*<\/abbr><\/label><input type=\"email\" id=\"evf-386-field_email\" class=\"input-text\" name=\"everest_forms[form_fields][email]\" required ><\/div><div id=\"evf-386-field_subject-container\" class=\"evf-field evf-field-text form-row validate-required\" data-required-field-message=\"Este campo es obligatorio.\" data-field-id=\"subject\"><label class=\"evf-field-label\" for=\"evf-386-field_subject\"><span class=\"evf-label\">Gaia<\/span> <abbr class=\"required\" title=\"Required\">*<\/abbr><\/label><input type=\"text\" id=\"evf-386-field_subject\" class=\"input-text\" name=\"everest_forms[form_fields][subject]\" required><\/div><div id=\"evf-386-field_message-container\" class=\"evf-field evf-field-textarea form-row\" data-field-id=\"message\"><label class=\"evf-field-label\" for=\"evf-386-field_message\"><span class=\"evf-label\">Mezua<\/span> <\/label><textarea id=\"evf-386-field_message\" class=\"input-text\" name=\"everest_forms[form_fields][message]\"  ><\/textarea><\/div><\/div><\/div><\/div><div class=\"evf-honeypot-container evf-field-hp\"><label for=\"evf-386-field-hp\" class=\"evf-field-label\">Message<\/label><input type=\"text\" name=\"everest_forms[hp]\" id=\"evf-386-field-hp\" class=\"input-text\"><\/div><div class=\"evf-submit-container \" ><input type=\"hidden\" name=\"everest_forms[id]\" value=\"386\"><input type=\"hidden\" name=\"everest_forms[author]\" value=\"1\"><button type='submit' name='everest_forms[submit]' class='everest-forms-submit-button button evf-submit ' id='evf-submit-386' value='evf-submit' data-process-text=\"Processing\u2026\" conditional_rules='&quot;&quot;' conditional_id='evf-submit-386'  id=\"evf-submit-386\" aria-live=\"assertive\">Bidali<\/button><\/div><\/form><\/div><!-- .evf-container --><\/div>\n","protected":false},"excerpt":{"rendered":"","protected":false},"author":1,"featured_media":0,"parent":0,"menu_order":0,"comment_status":"closed","ping_status":"closed","template":"","meta":{"zakra_general_container_width":0,"zakra_general_content_width":0,"zakra_general_sidebar_width":0,"zakra_sticky_header":"customizer","zakra_header_main_area":true,"zakra_site_logo_width":0,"zakra_header_top_enabled":"customizer","zakra_header_top_style":"customizer","zakra_primary_menu_item_style":"customizer","zakra_page_header_text_color":"","zakra_page_header_layout":"customizer","zakra_page_title_bg":"","zakra_footer_widgets_bg_image":0,"zakra_page_title_bg_repeat":"customizer","zakra_page_title_bg_position":"customizer","zakra_page_title_bg_size":"customizer","zakra_page_title_bg_attachment":"customizer","zakra_breadcrumbs_enabled":"customizer","zakra_breadcrumbs_text_color":"","zakra_breadcrumbs_separator_color":"","zakra_breadcrumbs_link_color":"","zakra_breadcrumbs_link_hover_color":"","zakra_page_title_bg_image":0,"zakra_footer_widgets_enabled":"customizer","zakra_footer_column_layout_1_style":"customizer","zakra_footer_widgets_bg":"","zakra_footer_widgets_bg_repeat":"customizer","zakra_footer_widgets_bg_position":"customizer","zakra_footer_widgets_bg_size":"customizer","zakra_footer_widgets_bg_attachment":"customizer","zakra_footer_bar_enabled":"customizer","zakra_footer_bar_style":"customizer","zakra_page_container_layout":"customizer","zakra_page_sidebar_layout":"customizer","zakra_remove_content_margin":false,"zakra_sidebar":"customizer","zakra_transparent_header":"customizer","zakra_logo":0,"zakra_main_header_style":"default","zakra_menu_item_color":"","zakra_menu_item_hover_color":"","zakra_menu_item_active_color":"","zakra_menu_active_style":"","zakra_page_header":false,"footnotes":""},"class_list":["post-1632","page","type-page","status-publish","hentry"],"yoast_head":"<!-- This site is optimized with the Yoast SEO plugin v27.4 - https:\/\/yoast.com\/product\/yoast-seo-wordpress\/ -->\n<title>Kontaktua - Aritu Ingeniaritza<\/title>\n<meta name=\"description\" content=\"\u3010Aritu Kooperatiba Elkartearekin\u3011kontaktuan jarri 943791328 \u2705 telefonoan edo bisita gaitzazu: Basabe Poligonoa EO2, 20550, Aretxabaleta \u21d2 \u00a1Email bat bidali!\" \/>\n<meta name=\"robots\" content=\"index, follow, max-snippet:-1, max-image-preview:large, max-video-preview:-1\" \/>\n<link rel=\"canonical\" href=\"https:\/\/aritu.com\/contacto\/\" \/>\n<meta property=\"og:locale\" content=\"eu_ES\" \/>\n<meta property=\"og:type\" content=\"article\" \/>\n<meta property=\"og:title\" content=\"Kontaktua - Aritu Ingeniaritza\" \/>\n<meta property=\"og:description\" content=\"\u3010Aritu Kooperatiba Elkartearekin\u3011kontaktuan jarri 943791328 \u2705 telefonoan edo bisita gaitzazu: Basabe Poligonoa EO2, 20550, Aretxabaleta \u21d2 \u00a1Email bat bidali!\" \/>\n<meta property=\"og:url\" content=\"https:\/\/aritu.com\/contacto\/\" \/>\n<meta property=\"og:site_name\" content=\"Aritu Ingeniaritza\" \/>\n<meta property=\"article:modified_time\" content=\"2024-10-16T09:06:58+00:00\" \/>\n<meta name=\"twitter:card\" content=\"summary_large_image\" \/>\n<meta name=\"twitter:label1\" content=\"Est. reading time\" \/>\n\t<meta name=\"twitter:data1\" content=\"1 minute\" \/>\n<script type=\"application\/ld+json\" class=\"yoast-schema-graph\">{\"@context\":\"https:\\\/\\\/schema.org\",\"@graph\":[{\"@type\":\"WebPage\",\"@id\":\"https:\\\/\\\/aritu.com\\\/contacto\\\/\",\"url\":\"https:\\\/\\\/aritu.com\\\/contacto\\\/\",\"name\":\"Kontaktua - Aritu Ingeniaritza\",\"isPartOf\":{\"@id\":\"https:\\\/\\\/aritu.com\\\/#website\"},\"datePublished\":\"2020-01-21T08:32:31+00:00\",\"dateModified\":\"2024-10-16T09:06:58+00:00\",\"description\":\"\u3010Aritu Kooperatiba Elkartearekin\u3011kontaktuan jarri 943791328 \u2705 telefonoan edo bisita gaitzazu: Basabe Poligonoa EO2, 20550, Aretxabaleta \u21d2 \u00a1Email bat bidali!\",\"breadcrumb\":{\"@id\":\"https:\\\/\\\/aritu.com\\\/contacto\\\/#breadcrumb\"},\"inLanguage\":\"eu-ES\",\"potentialAction\":[{\"@type\":\"ReadAction\",\"target\":[\"https:\\\/\\\/aritu.com\\\/contacto\\\/\"]}]},{\"@type\":\"BreadcrumbList\",\"@id\":\"https:\\\/\\\/aritu.com\\\/contacto\\\/#breadcrumb\",\"itemListElement\":[{\"@type\":\"ListItem\",\"position\":1,\"name\":\"Portada\",\"item\":\"https:\\\/\\\/aritu.com\\\/\"},{\"@type\":\"ListItem\",\"position\":2,\"name\":\"Kontaktua\"}]},{\"@type\":\"WebSite\",\"@id\":\"https:\\\/\\\/aritu.com\\\/#website\",\"url\":\"https:\\\/\\\/aritu.com\\\/\",\"name\":\"Aritu Ingeniaritza\",\"description\":\"\u3010Aritu Ingeniaritza\u3011Ingenier\u00eda Mec\u00e1nica, Ingenier\u00eda Inform\u00e1tica, PLM \u2705. Soluciones para la gesti\u00f3n de proyectos y para la gesti\u00f3n de activos digitales \u2705\",\"publisher\":{\"@id\":\"https:\\\/\\\/aritu.com\\\/#organization\"},\"potentialAction\":[{\"@type\":\"SearchAction\",\"target\":{\"@type\":\"EntryPoint\",\"urlTemplate\":\"https:\\\/\\\/aritu.com\\\/?s={search_term_string}\"},\"query-input\":{\"@type\":\"PropertyValueSpecification\",\"valueRequired\":true,\"valueName\":\"search_term_string\"}}],\"inLanguage\":\"eu-ES\"},{\"@type\":\"Organization\",\"@id\":\"https:\\\/\\\/aritu.com\\\/#organization\",\"name\":\"Aritu Ingeniaritza\",\"url\":\"https:\\\/\\\/aritu.com\\\/\",\"logo\":{\"@type\":\"ImageObject\",\"inLanguage\":\"eu-ES\",\"@id\":\"https:\\\/\\\/aritu.com\\\/#\\\/schema\\\/logo\\\/image\\\/\",\"url\":\"https:\\\/\\\/aritu.com\\\/wp-content\\\/uploads\\\/2020\\\/01\\\/cropped-Aritu_Logo_urdina-70x24-1.png\",\"contentUrl\":\"https:\\\/\\\/aritu.com\\\/wp-content\\\/uploads\\\/2020\\\/01\\\/cropped-Aritu_Logo_urdina-70x24-1.png\",\"width\":68,\"height\":24,\"caption\":\"Aritu Ingeniaritza\"},\"image\":{\"@id\":\"https:\\\/\\\/aritu.com\\\/#\\\/schema\\\/logo\\\/image\\\/\"},\"sameAs\":[\"https:\\\/\\\/www.linkedin.com\\\/company\\\/aritu-kooperatiba\\\/\"]}]}<\/script>\n<!-- \/ Yoast SEO plugin. -->","yoast_head_json":{"title":"Kontaktua - Aritu Ingeniaritza","description":"\u3010Aritu Kooperatiba Elkartearekin\u3011kontaktuan jarri 943791328 \u2705 telefonoan edo bisita gaitzazu: Basabe Poligonoa EO2, 20550, Aretxabaleta \u21d2 \u00a1Email bat bidali!","robots":{"index":"index","follow":"follow","max-snippet":"max-snippet:-1","max-image-preview":"max-image-preview:large","max-video-preview":"max-video-preview:-1"},"canonical":"https:\/\/aritu.com\/contacto\/","og_locale":"eu_ES","og_type":"article","og_title":"Kontaktua - Aritu Ingeniaritza","og_description":"\u3010Aritu Kooperatiba Elkartearekin\u3011kontaktuan jarri 943791328 \u2705 telefonoan edo bisita gaitzazu: Basabe Poligonoa EO2, 20550, Aretxabaleta \u21d2 \u00a1Email bat bidali!","og_url":"https:\/\/aritu.com\/contacto\/","og_site_name":"Aritu Ingeniaritza","article_modified_time":"2024-10-16T09:06:58+00:00","twitter_card":"summary_large_image","twitter_misc":{"Est. reading time":"1 minute"},"schema":{"@context":"https:\/\/schema.org","@graph":[{"@type":"WebPage","@id":"https:\/\/aritu.com\/contacto\/","url":"https:\/\/aritu.com\/contacto\/","name":"Kontaktua - Aritu Ingeniaritza","isPartOf":{"@id":"https:\/\/aritu.com\/#website"},"datePublished":"2020-01-21T08:32:31+00:00","dateModified":"2024-10-16T09:06:58+00:00","description":"\u3010Aritu Kooperatiba Elkartearekin\u3011kontaktuan jarri 943791328 \u2705 telefonoan edo bisita gaitzazu: Basabe Poligonoa EO2, 20550, Aretxabaleta \u21d2 \u00a1Email bat bidali!","breadcrumb":{"@id":"https:\/\/aritu.com\/contacto\/#breadcrumb"},"inLanguage":"eu-ES","potentialAction":[{"@type":"ReadAction","target":["https:\/\/aritu.com\/contacto\/"]}]},{"@type":"BreadcrumbList","@id":"https:\/\/aritu.com\/contacto\/#breadcrumb","itemListElement":[{"@type":"ListItem","position":1,"name":"Portada","item":"https:\/\/aritu.com\/"},{"@type":"ListItem","position":2,"name":"Kontaktua"}]},{"@type":"WebSite","@id":"https:\/\/aritu.com\/#website","url":"https:\/\/aritu.com\/","name":"Aritu Ingeniaritza","description":"\u3010Aritu Ingeniaritza\u3011Ingenier\u00eda Mec\u00e1nica, Ingenier\u00eda Inform\u00e1tica, PLM \u2705. Soluciones para la gesti\u00f3n de proyectos y para la gesti\u00f3n de activos digitales \u2705","publisher":{"@id":"https:\/\/aritu.com\/#organization"},"potentialAction":[{"@type":"SearchAction","target":{"@type":"EntryPoint","urlTemplate":"https:\/\/aritu.com\/?s={search_term_string}"},"query-input":{"@type":"PropertyValueSpecification","valueRequired":true,"valueName":"search_term_string"}}],"inLanguage":"eu-ES"},{"@type":"Organization","@id":"https:\/\/aritu.com\/#organization","name":"Aritu Ingeniaritza","url":"https:\/\/aritu.com\/","logo":{"@type":"ImageObject","inLanguage":"eu-ES","@id":"https:\/\/aritu.com\/#\/schema\/logo\/image\/","url":"https:\/\/aritu.com\/wp-content\/uploads\/2020\/01\/cropped-Aritu_Logo_urdina-70x24-1.png","contentUrl":"https:\/\/aritu.com\/wp-content\/uploads\/2020\/01\/cropped-Aritu_Logo_urdina-70x24-1.png","width":68,"height":24,"caption":"Aritu Ingeniaritza"},"image":{"@id":"https:\/\/aritu.com\/#\/schema\/logo\/image\/"},"sameAs":["https:\/\/www.linkedin.com\/company\/aritu-kooperatiba\/"]}]}},"_links":{"self":[{"href":"https:\/\/aritu.com\/eu\/wp-json\/wp\/v2\/pages\/1632","targetHints":{"allow":["GET"]}}],"collection":[{"href":"https:\/\/aritu.com\/eu\/wp-json\/wp\/v2\/pages"}],"about":[{"href":"https:\/\/aritu.com\/eu\/wp-json\/wp\/v2\/types\/page"}],"author":[{"embeddable":true,"href":"https:\/\/aritu.com\/eu\/wp-json\/wp\/v2\/users\/1"}],"replies":[{"embeddable":true,"href":"https:\/\/aritu.com\/eu\/wp-json\/wp\/v2\/comments?post=1632"}],"version-history":[{"count":1,"href":"https:\/\/aritu.com\/eu\/wp-json\/wp\/v2\/pages\/1632\/revisions"}],"predecessor-version":[{"id":2156,"href":"https:\/\/aritu.com\/eu\/wp-json\/wp\/v2\/pages\/1632\/revisions\/2156"}],"wp:attachment":[{"href":"https:\/\/aritu.com\/eu\/wp-json\/wp\/v2\/media?parent=1632"}],"curies":[{"name":"wp","href":"https:\/\/api.w.org\/{rel}","templated":true}]}}